{"id":356,"date":"2023-12-27T16:46:22","date_gmt":"2023-12-27T13:46:22","guid":{"rendered":"https:\/\/tezreklam.com.tr\/?page_id=356"},"modified":"2024-01-11T22:11:43","modified_gmt":"2024-01-11T19:11:43","slug":"j-asayis-kiyafeti-teferruati","status":"publish","type":"page","link":"https:\/\/tezreklam.com.tr\/?page_id=356","title":{"rendered":"JANDARMA ASAY\u0130\u015e KIYAFET\u0130 TEFERRUATI"},"content":{"rendered":"\n<p class=\"has-text-align-center has-larger-font-size\"><strong>R\u00dcTBE VE \u0130\u015eARETLER  ( % 100 TPU)<\/strong><\/p>\n\n\n\n<p class=\"has-normal-font-size\"><strong>RENKLER\u0130 SOLMAZ VE D\u00d6K\u00dcLMEZ. YILLARCA KULLANAB\u0130L\u0130RS\u0130N\u0130Z<\/strong><\/p>\n\n\n\n<figure class=\"wp-block-image size-large\"><img loading=\"lazy\" decoding=\"async\" width=\"667\" height=\"1024\" src=\"http:\/\/tezreklam.com.tr\/wp-content\/uploads\/2023\/12\/tpu-1-1-667x1024.jpg\" alt=\"\" class=\"wp-image-337\" srcset=\"https:\/\/tezreklam.com.tr\/wp-content\/uploads\/2023\/12\/tpu-1-1-667x1024.jpg 667w, https:\/\/tezreklam.com.tr\/wp-content\/uploads\/2023\/12\/tpu-1-1-195x300.jpg 195w, https:\/\/tezreklam.com.tr\/wp-content\/uploads\/2023\/12\/tpu-1-1-768x1179.jpg 768w, https:\/\/tezreklam.com.tr\/wp-content\/uploads\/2023\/12\/tpu-1-1-600x921.jpg 600w, https:\/\/tezreklam.com.tr\/wp-content\/uploads\/2023\/12\/tpu-1-1.jpg 977w\" sizes=\"(max-width: 667px) 100vw, 667px\" \/><\/figure>\n\n\n\n<p class=\"has-text-align-center has-larger-font-size\"><strong>SUBAY APOLETLER\u0130 ( % 100 TPU)<\/strong><\/p>\n\n\n\n<figure class=\"wp-block-image size-full\"><img loading=\"lazy\" decoding=\"async\" width=\"750\" height=\"750\" src=\"http:\/\/tezreklam.com.tr\/wp-content\/uploads\/2023\/12\/IMG-20230124-WA0015-1.jpg\" alt=\"\" class=\"wp-image-338\" srcset=\"https:\/\/tezreklam.com.tr\/wp-content\/uploads\/2023\/12\/IMG-20230124-WA0015-1.jpg 750w, https:\/\/tezreklam.com.tr\/wp-content\/uploads\/2023\/12\/IMG-20230124-WA0015-1-300x300.jpg 300w, https:\/\/tezreklam.com.tr\/wp-content\/uploads\/2023\/12\/IMG-20230124-WA0015-1-150x150.jpg 150w, https:\/\/tezreklam.com.tr\/wp-content\/uploads\/2023\/12\/IMG-20230124-WA0015-1-600x600.jpg 600w, https:\/\/tezreklam.com.tr\/wp-content\/uploads\/2023\/12\/IMG-20230124-WA0015-1-100x100.jpg 100w\" sizes=\"(max-width: 750px) 100vw, 750px\" \/><\/figure>\n\n\n\n<figure class=\"wp-block-image size-large\"><img loading=\"lazy\" decoding=\"async\" width=\"1024\" height=\"271\" src=\"http:\/\/tezreklam.com.tr\/wp-content\/uploads\/2024\/01\/ispoletler-asayis-1024x271.jpg\" alt=\"\" class=\"wp-image-389\" srcset=\"https:\/\/tezreklam.com.tr\/wp-content\/uploads\/2024\/01\/ispoletler-asayis-1024x271.jpg 1024w, https:\/\/tezreklam.com.tr\/wp-content\/uploads\/2024\/01\/ispoletler-asayis-300x79.jpg 300w, https:\/\/tezreklam.com.tr\/wp-content\/uploads\/2024\/01\/ispoletler-asayis-768x203.jpg 768w, https:\/\/tezreklam.com.tr\/wp-content\/uploads\/2024\/01\/ispoletler-asayis-1536x407.jpg 1536w, https:\/\/tezreklam.com.tr\/wp-content\/uploads\/2024\/01\/ispoletler-asayis-2048x543.jpg 2048w, https:\/\/tezreklam.com.tr\/wp-content\/uploads\/2024\/01\/ispoletler-asayis-1140x302.jpg 1140w, https:\/\/tezreklam.com.tr\/wp-content\/uploads\/2024\/01\/ispoletler-asayis-600x159.jpg 600w\" sizes=\"(max-width: 1024px) 100vw, 1024px\" \/><\/figure>\n\n\n\n<figure class=\"wp-block-image size-full\"><img loading=\"lazy\" decoding=\"async\" width=\"711\" height=\"925\" src=\"http:\/\/tezreklam.com.tr\/wp-content\/uploads\/2024\/01\/karargah-yelek-rutbe.jpg\" alt=\"\" class=\"wp-image-390\" srcset=\"https:\/\/tezreklam.com.tr\/wp-content\/uploads\/2024\/01\/karargah-yelek-rutbe.jpg 711w, https:\/\/tezreklam.com.tr\/wp-content\/uploads\/2024\/01\/karargah-yelek-rutbe-231x300.jpg 231w, https:\/\/tezreklam.com.tr\/wp-content\/uploads\/2024\/01\/karargah-yelek-rutbe-600x781.jpg 600w\" sizes=\"(max-width: 711px) 100vw, 711px\" \/><\/figure>\n\n\n<div class=\"wp-block-image\">\n<figure class=\"aligncenter size-large\"><img loading=\"lazy\" decoding=\"async\" width=\"501\" height=\"1024\" src=\"http:\/\/tezreklam.com.tr\/wp-content\/uploads\/2024\/01\/egitim-broveleri-501x1024.jpg\" alt=\"\" class=\"wp-image-387\" srcset=\"https:\/\/tezreklam.com.tr\/wp-content\/uploads\/2024\/01\/egitim-broveleri-501x1024.jpg 501w, https:\/\/tezreklam.com.tr\/wp-content\/uploads\/2024\/01\/egitim-broveleri-147x300.jpg 147w, https:\/\/tezreklam.com.tr\/wp-content\/uploads\/2024\/01\/egitim-broveleri-768x1571.jpg 768w, https:\/\/tezreklam.com.tr\/wp-content\/uploads\/2024\/01\/egitim-broveleri-751x1536.jpg 751w, https:\/\/tezreklam.com.tr\/wp-content\/uploads\/2024\/01\/egitim-broveleri-1001x2048.jpg 1001w, https:\/\/tezreklam.com.tr\/wp-content\/uploads\/2024\/01\/egitim-broveleri-1140x2332.jpg 1140w, https:\/\/tezreklam.com.tr\/wp-content\/uploads\/2024\/01\/egitim-broveleri-600x1227.jpg 600w, https:\/\/tezreklam.com.tr\/wp-content\/uploads\/2024\/01\/egitim-broveleri-scaled.jpg 1252w\" sizes=\"(max-width: 501px) 100vw, 501px\" \/><\/figure><\/div>","protected":false},"excerpt":{"rendered":"<p class=\"post-excerpt\">R\u00dcTBE VE \u0130\u015eARETLER ( % 100 TPU) RENKLER\u0130 SOLMAZ VE D\u00d6K\u00dcLMEZ. YILLARCA KULLANAB\u0130L\u0130RS\u0130N\u0130Z SUBAY APOLETLER\u0130 ( % 100 TPU)<\/p>\n","protected":false},"author":2,"featured_media":0,"parent":0,"menu_order":3,"comment_status":"closed","ping_status":"closed","template":"","meta":{"_monsterinsights_skip_tracking":false,"_monsterinsights_sitenote_active":false,"_monsterinsights_sitenote_note":"","_monsterinsights_sitenote_category":0,"footnotes":""},"aioseo_notices":[],"_links":{"self":[{"href":"https:\/\/tezreklam.com.tr\/index.php?rest_route=\/wp\/v2\/pages\/356"}],"collection":[{"href":"https:\/\/tezreklam.com.tr\/index.php?rest_route=\/wp\/v2\/pages"}],"about":[{"href":"https:\/\/tezreklam.com.tr\/index.php?rest_route=\/wp\/v2\/types\/page"}],"author":[{"embeddable":true,"href":"https:\/\/tezreklam.com.tr\/index.php?rest_route=\/wp\/v2\/users\/2"}],"replies":[{"embeddable":true,"href":"https:\/\/tezreklam.com.tr\/index.php?rest_route=%2Fwp%2Fv2%2Fcomments&post=356"}],"version-history":[{"count":6,"href":"https:\/\/tezreklam.com.tr\/index.php?rest_route=\/wp\/v2\/pages\/356\/revisions"}],"predecessor-version":[{"id":398,"href":"https:\/\/tezreklam.com.tr\/index.php?rest_route=\/wp\/v2\/pages\/356\/revisions\/398"}],"wp:attachment":[{"href":"https:\/\/tezreklam.com.tr\/index.php?rest_route=%2Fwp%2Fv2%2Fmedia&parent=356"}],"curies":[{"name":"wp","href":"https:\/\/api.w.org\/{rel}","templated":true}]}}