{"id":361,"date":"2023-12-27T17:27:13","date_gmt":"2023-12-27T14:27:13","guid":{"rendered":"https:\/\/tezreklam.com.tr\/?page_id=361"},"modified":"2024-01-11T23:06:58","modified_gmt":"2024-01-11T20:06:58","slug":"metal-urunler","status":"publish","type":"page","link":"https:\/\/tezreklam.com.tr\/?page_id=361","title":{"rendered":"METAL \u00dcR\u00dcNLER"},"content":{"rendered":"\n<p class=\"has-text-align-center\">G\u00dc\u00c7TAV TARAFINDAN \u0130MAL ED\u0130LMEKTED\u0130R.<\/p>\n\n\n<div class=\"wp-block-image\">\n<figure class=\"aligncenter size-large is-resized\"><img loading=\"lazy\" decoding=\"async\" width=\"1012\" height=\"1024\" src=\"http:\/\/tezreklam.com.tr\/wp-content\/uploads\/2023\/12\/GUCTAV-1012x1024.jpg\" alt=\"\" class=\"wp-image-286\" style=\"width:100px;height:auto\" srcset=\"https:\/\/tezreklam.com.tr\/wp-content\/uploads\/2023\/12\/GUCTAV-1012x1024.jpg 1012w, https:\/\/tezreklam.com.tr\/wp-content\/uploads\/2023\/12\/GUCTAV-296x300.jpg 296w, https:\/\/tezreklam.com.tr\/wp-content\/uploads\/2023\/12\/GUCTAV-768x777.jpg 768w, https:\/\/tezreklam.com.tr\/wp-content\/uploads\/2023\/12\/GUCTAV-1140x1154.jpg 1140w, https:\/\/tezreklam.com.tr\/wp-content\/uploads\/2023\/12\/GUCTAV-600x607.jpg 600w, https:\/\/tezreklam.com.tr\/wp-content\/uploads\/2023\/12\/GUCTAV-100x100.jpg 100w, https:\/\/tezreklam.com.tr\/wp-content\/uploads\/2023\/12\/GUCTAV.jpg 1147w\" sizes=\"(max-width: 1012px) 100vw, 1012px\" \/><\/figure><\/div>\n\n\n<p class=\"has-text-align-center\">JANDARMA BR\u00d6VE Y\u00d6NERGES\u0130NE UYGUN \u00dcR\u00dcNLER\u0130M\u0130Z<\/p>\n\n\n\n<div class=\"wp-block-columns is-layout-flex wp-container-core-columns-layout-3 wp-block-columns-is-layout-flex\">\n<div class=\"wp-block-column is-layout-flow wp-block-column-is-layout-flow\" style=\"flex-basis:100%\">\n<div class=\"wp-block-group is-layout-constrained wp-block-group-is-layout-constrained\"><div class=\"wp-block-group__inner-container\">\n<div class=\"wp-block-group is-vertical is-layout-flex wp-container-core-group-layout-1 wp-block-group-is-layout-flex\">\n<div class=\"wp-block-columns are-vertically-aligned-center is-layout-flex wp-container-core-columns-layout-1 wp-block-columns-is-layout-flex\">\n<div class=\"wp-block-column is-vertically-aligned-center is-layout-flow wp-block-column-is-layout-flow\" style=\"flex-basis:100%\"><\/div>\n<\/div>\n\n\n\n<div class=\"wp-block-columns are-vertically-aligned-center is-layout-flex wp-container-core-columns-layout-2 wp-block-columns-is-layout-flex\">\n<div class=\"wp-block-column is-vertically-aligned-center is-layout-flow wp-block-column-is-layout-flow\" style=\"flex-basis:100%\">\n<figure class=\"wp-block-gallery has-nested-images columns-default is-cropped wp-block-gallery-1 is-layout-flex wp-block-gallery-is-layout-flex\">\n<figure class=\"wp-block-image size-full\"><img loading=\"lazy\" decoding=\"async\" width=\"500\" height=\"500\" src=\"http:\/\/tezreklam.com.tr\/wp-content\/uploads\/2023\/12\/ataturk-rozeti-scaled-e1593942674371.jpg\" alt=\"\" class=\"wp-image-282\" srcset=\"https:\/\/tezreklam.com.tr\/wp-content\/uploads\/2023\/12\/ataturk-rozeti-scaled-e1593942674371.jpg 500w, https:\/\/tezreklam.com.tr\/wp-content\/uploads\/2023\/12\/ataturk-rozeti-scaled-e1593942674371-300x300.jpg 300w, https:\/\/tezreklam.com.tr\/wp-content\/uploads\/2023\/12\/ataturk-rozeti-scaled-e1593942674371-150x150.jpg 150w, https:\/\/tezreklam.com.tr\/wp-content\/uploads\/2023\/12\/ataturk-rozeti-scaled-e1593942674371-100x100.jpg 100w\" sizes=\"(max-width: 500px) 100vw, 500px\" \/><\/figure>\n\n\n\n<figure class=\"wp-block-image size-full\"><img loading=\"lazy\" decoding=\"async\" width=\"2560\" height=\"2560\" src=\"http:\/\/tezreklam.com.tr\/wp-content\/uploads\/2023\/12\/jandarma-komando-brovesi-1-scaled-1.jpg\" alt=\"\" class=\"wp-image-272\" srcset=\"https:\/\/tezreklam.com.tr\/wp-content\/uploads\/2023\/12\/jandarma-komando-brovesi-1-scaled-1.jpg 2560w, https:\/\/tezreklam.com.tr\/wp-content\/uploads\/2023\/12\/jandarma-komando-brovesi-1-scaled-1-300x300.jpg 300w, https:\/\/tezreklam.com.tr\/wp-content\/uploads\/2023\/12\/jandarma-komando-brovesi-1-scaled-1-1024x1024.jpg 1024w, https:\/\/tezreklam.com.tr\/wp-content\/uploads\/2023\/12\/jandarma-komando-brovesi-1-scaled-1-150x150.jpg 150w, https:\/\/tezreklam.com.tr\/wp-content\/uploads\/2023\/12\/jandarma-komando-brovesi-1-scaled-1-768x768.jpg 768w, https:\/\/tezreklam.com.tr\/wp-content\/uploads\/2023\/12\/jandarma-komando-brovesi-1-scaled-1-1536x1536.jpg 1536w, https:\/\/tezreklam.com.tr\/wp-content\/uploads\/2023\/12\/jandarma-komando-brovesi-1-scaled-1-2048x2048.jpg 2048w, https:\/\/tezreklam.com.tr\/wp-content\/uploads\/2023\/12\/jandarma-komando-brovesi-1-scaled-1-1140x1140.jpg 1140w, https:\/\/tezreklam.com.tr\/wp-content\/uploads\/2023\/12\/jandarma-komando-brovesi-1-scaled-1-600x600.jpg 600w, https:\/\/tezreklam.com.tr\/wp-content\/uploads\/2023\/12\/jandarma-komando-brovesi-1-scaled-1-100x100.jpg 100w\" sizes=\"(max-width: 2560px) 100vw, 2560px\" \/><\/figure>\n\n\n\n<figure class=\"wp-block-image size-full\"><img loading=\"lazy\" decoding=\"async\" width=\"2560\" height=\"2560\" src=\"http:\/\/tezreklam.com.tr\/wp-content\/uploads\/2023\/12\/jandarma-komando-ihtisas-brovesi-scaled-1.jpg\" alt=\"\" class=\"wp-image-273\" srcset=\"https:\/\/tezreklam.com.tr\/wp-content\/uploads\/2023\/12\/jandarma-komando-ihtisas-brovesi-scaled-1.jpg 2560w, https:\/\/tezreklam.com.tr\/wp-content\/uploads\/2023\/12\/jandarma-komando-ihtisas-brovesi-scaled-1-300x300.jpg 300w, https:\/\/tezreklam.com.tr\/wp-content\/uploads\/2023\/12\/jandarma-komando-ihtisas-brovesi-scaled-1-1024x1024.jpg 1024w, https:\/\/tezreklam.com.tr\/wp-content\/uploads\/2023\/12\/jandarma-komando-ihtisas-brovesi-scaled-1-150x150.jpg 150w, https:\/\/tezreklam.com.tr\/wp-content\/uploads\/2023\/12\/jandarma-komando-ihtisas-brovesi-scaled-1-768x768.jpg 768w, https:\/\/tezreklam.com.tr\/wp-content\/uploads\/2023\/12\/jandarma-komando-ihtisas-brovesi-scaled-1-1536x1536.jpg 1536w, https:\/\/tezreklam.com.tr\/wp-content\/uploads\/2023\/12\/jandarma-komando-ihtisas-brovesi-scaled-1-2048x2048.jpg 2048w, https:\/\/tezreklam.com.tr\/wp-content\/uploads\/2023\/12\/jandarma-komando-ihtisas-brovesi-scaled-1-1140x1140.jpg 1140w, https:\/\/tezreklam.com.tr\/wp-content\/uploads\/2023\/12\/jandarma-komando-ihtisas-brovesi-scaled-1-600x600.jpg 600w, https:\/\/tezreklam.com.tr\/wp-content\/uploads\/2023\/12\/jandarma-komando-ihtisas-brovesi-scaled-1-100x100.jpg 100w\" sizes=\"(max-width: 2560px) 100vw, 2560px\" \/><\/figure>\n\n\n\n<figure class=\"wp-block-image size-full\"><img loading=\"lazy\" decoding=\"async\" width=\"2560\" height=\"2560\" src=\"http:\/\/tezreklam.com.tr\/wp-content\/uploads\/2023\/12\/jandarma-komando-ozel-asayis-brovesi-scaled-1.jpg\" alt=\"\" class=\"wp-image-274\" srcset=\"https:\/\/tezreklam.com.tr\/wp-content\/uploads\/2023\/12\/jandarma-komando-ozel-asayis-brovesi-scaled-1.jpg 2560w, https:\/\/tezreklam.com.tr\/wp-content\/uploads\/2023\/12\/jandarma-komando-ozel-asayis-brovesi-scaled-1-300x300.jpg 300w, https:\/\/tezreklam.com.tr\/wp-content\/uploads\/2023\/12\/jandarma-komando-ozel-asayis-brovesi-scaled-1-1024x1024.jpg 1024w, https:\/\/tezreklam.com.tr\/wp-content\/uploads\/2023\/12\/jandarma-komando-ozel-asayis-brovesi-scaled-1-150x150.jpg 150w, https:\/\/tezreklam.com.tr\/wp-content\/uploads\/2023\/12\/jandarma-komando-ozel-asayis-brovesi-scaled-1-768x768.jpg 768w, https:\/\/tezreklam.com.tr\/wp-content\/uploads\/2023\/12\/jandarma-komando-ozel-asayis-brovesi-scaled-1-1536x1536.jpg 1536w, https:\/\/tezreklam.com.tr\/wp-content\/uploads\/2023\/12\/jandarma-komando-ozel-asayis-brovesi-scaled-1-2048x2048.jpg 2048w, https:\/\/tezreklam.com.tr\/wp-content\/uploads\/2023\/12\/jandarma-komando-ozel-asayis-brovesi-scaled-1-1140x1140.jpg 1140w, https:\/\/tezreklam.com.tr\/wp-content\/uploads\/2023\/12\/jandarma-komando-ozel-asayis-brovesi-scaled-1-600x600.jpg 600w, https:\/\/tezreklam.com.tr\/wp-content\/uploads\/2023\/12\/jandarma-komando-ozel-asayis-brovesi-scaled-1-100x100.jpg 100w\" sizes=\"(max-width: 2560px) 100vw, 2560px\" \/><\/figure>\n\n\n\n<figure class=\"wp-block-image size-full\"><img loading=\"lazy\" decoding=\"async\" width=\"2496\" height=\"2496\" src=\"http:\/\/tezreklam.com.tr\/wp-content\/uploads\/2023\/12\/jandarma-ic-guvenlik-brovesi.jpg\" alt=\"\" class=\"wp-image-270\" srcset=\"https:\/\/tezreklam.com.tr\/wp-content\/uploads\/2023\/12\/jandarma-ic-guvenlik-brovesi.jpg 2496w, https:\/\/tezreklam.com.tr\/wp-content\/uploads\/2023\/12\/jandarma-ic-guvenlik-brovesi-300x300.jpg 300w, https:\/\/tezreklam.com.tr\/wp-content\/uploads\/2023\/12\/jandarma-ic-guvenlik-brovesi-1024x1024.jpg 1024w, https:\/\/tezreklam.com.tr\/wp-content\/uploads\/2023\/12\/jandarma-ic-guvenlik-brovesi-150x150.jpg 150w, https:\/\/tezreklam.com.tr\/wp-content\/uploads\/2023\/12\/jandarma-ic-guvenlik-brovesi-768x768.jpg 768w, https:\/\/tezreklam.com.tr\/wp-content\/uploads\/2023\/12\/jandarma-ic-guvenlik-brovesi-1536x1536.jpg 1536w, https:\/\/tezreklam.com.tr\/wp-content\/uploads\/2023\/12\/jandarma-ic-guvenlik-brovesi-2048x2048.jpg 2048w, https:\/\/tezreklam.com.tr\/wp-content\/uploads\/2023\/12\/jandarma-ic-guvenlik-brovesi-1140x1140.jpg 1140w, https:\/\/tezreklam.com.tr\/wp-content\/uploads\/2023\/12\/jandarma-ic-guvenlik-brovesi-600x600.jpg 600w, https:\/\/tezreklam.com.tr\/wp-content\/uploads\/2023\/12\/jandarma-ic-guvenlik-brovesi-100x100.jpg 100w\" sizes=\"(max-width: 2496px) 100vw, 2496px\" \/><\/figure>\n\n\n\n<figure class=\"wp-block-image size-full\"><img loading=\"lazy\" decoding=\"async\" width=\"300\" height=\"300\" src=\"http:\/\/tezreklam.com.tr\/wp-content\/uploads\/2023\/12\/SUBAY-KITA-HIZMET.png\" alt=\"\" class=\"wp-image-279\" srcset=\"https:\/\/tezreklam.com.tr\/wp-content\/uploads\/2023\/12\/SUBAY-KITA-HIZMET.png 300w, https:\/\/tezreklam.com.tr\/wp-content\/uploads\/2023\/12\/SUBAY-KITA-HIZMET-150x150.png 150w, https:\/\/tezreklam.com.tr\/wp-content\/uploads\/2023\/12\/SUBAY-KITA-HIZMET-100x100.png 100w\" sizes=\"(max-width: 300px) 100vw, 300px\" \/><\/figure>\n\n\n\n<figure class=\"wp-block-image size-full\"><img loading=\"lazy\" decoding=\"async\" width=\"2560\" height=\"2560\" src=\"http:\/\/tezreklam.com.tr\/wp-content\/uploads\/2023\/12\/jandarma-astsubay-kita-komutanligi-brovesi-scaled-1.jpg\" alt=\"\" class=\"wp-image-269\" srcset=\"https:\/\/tezreklam.com.tr\/wp-content\/uploads\/2023\/12\/jandarma-astsubay-kita-komutanligi-brovesi-scaled-1.jpg 2560w, https:\/\/tezreklam.com.tr\/wp-content\/uploads\/2023\/12\/jandarma-astsubay-kita-komutanligi-brovesi-scaled-1-300x300.jpg 300w, https:\/\/tezreklam.com.tr\/wp-content\/uploads\/2023\/12\/jandarma-astsubay-kita-komutanligi-brovesi-scaled-1-1024x1024.jpg 1024w, https:\/\/tezreklam.com.tr\/wp-content\/uploads\/2023\/12\/jandarma-astsubay-kita-komutanligi-brovesi-scaled-1-150x150.jpg 150w, https:\/\/tezreklam.com.tr\/wp-content\/uploads\/2023\/12\/jandarma-astsubay-kita-komutanligi-brovesi-scaled-1-768x768.jpg 768w, https:\/\/tezreklam.com.tr\/wp-content\/uploads\/2023\/12\/jandarma-astsubay-kita-komutanligi-brovesi-scaled-1-1536x1536.jpg 1536w, https:\/\/tezreklam.com.tr\/wp-content\/uploads\/2023\/12\/jandarma-astsubay-kita-komutanligi-brovesi-scaled-1-2048x2048.jpg 2048w, https:\/\/tezreklam.com.tr\/wp-content\/uploads\/2023\/12\/jandarma-astsubay-kita-komutanligi-brovesi-scaled-1-1140x1140.jpg 1140w, https:\/\/tezreklam.com.tr\/wp-content\/uploads\/2023\/12\/jandarma-astsubay-kita-komutanligi-brovesi-scaled-1-600x600.jpg 600w, https:\/\/tezreklam.com.tr\/wp-content\/uploads\/2023\/12\/jandarma-astsubay-kita-komutanligi-brovesi-scaled-1-100x100.jpg 100w\" sizes=\"(max-width: 2560px) 100vw, 2560px\" \/><\/figure>\n\n\n\n<figure class=\"wp-block-image size-full\"><img loading=\"lazy\" decoding=\"async\" width=\"500\" height=\"500\" src=\"http:\/\/tezreklam.com.tr\/wp-content\/uploads\/2023\/12\/uzman-jandarma-kita-hizmet-brovesi-2.png\" alt=\"\" class=\"wp-image-280\" srcset=\"https:\/\/tezreklam.com.tr\/wp-content\/uploads\/2023\/12\/uzman-jandarma-kita-hizmet-brovesi-2.png 500w, https:\/\/tezreklam.com.tr\/wp-content\/uploads\/2023\/12\/uzman-jandarma-kita-hizmet-brovesi-2-300x300.png 300w, https:\/\/tezreklam.com.tr\/wp-content\/uploads\/2023\/12\/uzman-jandarma-kita-hizmet-brovesi-2-150x150.png 150w, https:\/\/tezreklam.com.tr\/wp-content\/uploads\/2023\/12\/uzman-jandarma-kita-hizmet-brovesi-2-100x100.png 100w\" sizes=\"(max-width: 500px) 100vw, 500px\" \/><\/figure>\n\n\n\n<figure class=\"wp-block-image size-full\"><img loading=\"lazy\" decoding=\"async\" width=\"2560\" height=\"2560\" src=\"http:\/\/tezreklam.com.tr\/wp-content\/uploads\/2023\/12\/jandarma-uzman-erbas-kita-hizmeti-brovesi-scaled-1.jpg\" alt=\"\" class=\"wp-image-277\" srcset=\"https:\/\/tezreklam.com.tr\/wp-content\/uploads\/2023\/12\/jandarma-uzman-erbas-kita-hizmeti-brovesi-scaled-1.jpg 2560w, https:\/\/tezreklam.com.tr\/wp-content\/uploads\/2023\/12\/jandarma-uzman-erbas-kita-hizmeti-brovesi-scaled-1-300x300.jpg 300w, https:\/\/tezreklam.com.tr\/wp-content\/uploads\/2023\/12\/jandarma-uzman-erbas-kita-hizmeti-brovesi-scaled-1-1024x1024.jpg 1024w, https:\/\/tezreklam.com.tr\/wp-content\/uploads\/2023\/12\/jandarma-uzman-erbas-kita-hizmeti-brovesi-scaled-1-150x150.jpg 150w, https:\/\/tezreklam.com.tr\/wp-content\/uploads\/2023\/12\/jandarma-uzman-erbas-kita-hizmeti-brovesi-scaled-1-768x768.jpg 768w, https:\/\/tezreklam.com.tr\/wp-content\/uploads\/2023\/12\/jandarma-uzman-erbas-kita-hizmeti-brovesi-scaled-1-1536x1536.jpg 1536w, https:\/\/tezreklam.com.tr\/wp-content\/uploads\/2023\/12\/jandarma-uzman-erbas-kita-hizmeti-brovesi-scaled-1-2048x2048.jpg 2048w, https:\/\/tezreklam.com.tr\/wp-content\/uploads\/2023\/12\/jandarma-uzman-erbas-kita-hizmeti-brovesi-scaled-1-1140x1140.jpg 1140w, https:\/\/tezreklam.com.tr\/wp-content\/uploads\/2023\/12\/jandarma-uzman-erbas-kita-hizmeti-brovesi-scaled-1-600x600.jpg 600w, https:\/\/tezreklam.com.tr\/wp-content\/uploads\/2023\/12\/jandarma-uzman-erbas-kita-hizmeti-brovesi-scaled-1-100x100.jpg 100w\" sizes=\"(max-width: 2560px) 100vw, 2560px\" \/><\/figure>\n\n\n\n<figure class=\"wp-block-image size-full\"><img loading=\"lazy\" decoding=\"async\" width=\"2560\" height=\"2560\" src=\"http:\/\/tezreklam.com.tr\/wp-content\/uploads\/2023\/12\/jandarma-muhimmat-imha-uzmani-scaled-1.jpg\" alt=\"\" class=\"wp-image-276\" srcset=\"https:\/\/tezreklam.com.tr\/wp-content\/uploads\/2023\/12\/jandarma-muhimmat-imha-uzmani-scaled-1.jpg 2560w, https:\/\/tezreklam.com.tr\/wp-content\/uploads\/2023\/12\/jandarma-muhimmat-imha-uzmani-scaled-1-300x300.jpg 300w, https:\/\/tezreklam.com.tr\/wp-content\/uploads\/2023\/12\/jandarma-muhimmat-imha-uzmani-scaled-1-1024x1024.jpg 1024w, https:\/\/tezreklam.com.tr\/wp-content\/uploads\/2023\/12\/jandarma-muhimmat-imha-uzmani-scaled-1-150x150.jpg 150w, https:\/\/tezreklam.com.tr\/wp-content\/uploads\/2023\/12\/jandarma-muhimmat-imha-uzmani-scaled-1-768x768.jpg 768w, https:\/\/tezreklam.com.tr\/wp-content\/uploads\/2023\/12\/jandarma-muhimmat-imha-uzmani-scaled-1-1536x1536.jpg 1536w, https:\/\/tezreklam.com.tr\/wp-content\/uploads\/2023\/12\/jandarma-muhimmat-imha-uzmani-scaled-1-2048x2048.jpg 2048w, https:\/\/tezreklam.com.tr\/wp-content\/uploads\/2023\/12\/jandarma-muhimmat-imha-uzmani-scaled-1-1140x1140.jpg 1140w, https:\/\/tezreklam.com.tr\/wp-content\/uploads\/2023\/12\/jandarma-muhimmat-imha-uzmani-scaled-1-600x600.jpg 600w, https:\/\/tezreklam.com.tr\/wp-content\/uploads\/2023\/12\/jandarma-muhimmat-imha-uzmani-scaled-1-100x100.jpg 100w\" sizes=\"(max-width: 2560px) 100vw, 2560px\" \/><\/figure>\n\n\n\n<figure class=\"wp-block-image size-full\"><img loading=\"lazy\" decoding=\"async\" width=\"2560\" height=\"2560\" src=\"http:\/\/tezreklam.com.tr\/wp-content\/uploads\/2023\/12\/jandarma-kurbaga-adam-brovesi-scaled-1.jpg\" alt=\"\" class=\"wp-image-275\" srcset=\"https:\/\/tezreklam.com.tr\/wp-content\/uploads\/2023\/12\/jandarma-kurbaga-adam-brovesi-scaled-1.jpg 2560w, https:\/\/tezreklam.com.tr\/wp-content\/uploads\/2023\/12\/jandarma-kurbaga-adam-brovesi-scaled-1-300x300.jpg 300w, https:\/\/tezreklam.com.tr\/wp-content\/uploads\/2023\/12\/jandarma-kurbaga-adam-brovesi-scaled-1-1024x1024.jpg 1024w, https:\/\/tezreklam.com.tr\/wp-content\/uploads\/2023\/12\/jandarma-kurbaga-adam-brovesi-scaled-1-150x150.jpg 150w, https:\/\/tezreklam.com.tr\/wp-content\/uploads\/2023\/12\/jandarma-kurbaga-adam-brovesi-scaled-1-768x768.jpg 768w, https:\/\/tezreklam.com.tr\/wp-content\/uploads\/2023\/12\/jandarma-kurbaga-adam-brovesi-scaled-1-1536x1536.jpg 1536w, https:\/\/tezreklam.com.tr\/wp-content\/uploads\/2023\/12\/jandarma-kurbaga-adam-brovesi-scaled-1-2048x2048.jpg 2048w, https:\/\/tezreklam.com.tr\/wp-content\/uploads\/2023\/12\/jandarma-kurbaga-adam-brovesi-scaled-1-1140x1140.jpg 1140w, https:\/\/tezreklam.com.tr\/wp-content\/uploads\/2023\/12\/jandarma-kurbaga-adam-brovesi-scaled-1-600x600.jpg 600w, https:\/\/tezreklam.com.tr\/wp-content\/uploads\/2023\/12\/jandarma-kurbaga-adam-brovesi-scaled-1-100x100.jpg 100w\" sizes=\"(max-width: 2560px) 100vw, 2560px\" \/><\/figure>\n\n\n\n<figure class=\"wp-block-image size-full\"><img loading=\"lazy\" decoding=\"async\" width=\"2560\" height=\"2560\" src=\"http:\/\/tezreklam.com.tr\/wp-content\/uploads\/2023\/12\/parasutcu-brovesi-scaled-1.jpg\" alt=\"\" class=\"wp-image-278\" srcset=\"https:\/\/tezreklam.com.tr\/wp-content\/uploads\/2023\/12\/parasutcu-brovesi-scaled-1.jpg 2560w, https:\/\/tezreklam.com.tr\/wp-content\/uploads\/2023\/12\/parasutcu-brovesi-scaled-1-300x300.jpg 300w, https:\/\/tezreklam.com.tr\/wp-content\/uploads\/2023\/12\/parasutcu-brovesi-scaled-1-1024x1024.jpg 1024w, https:\/\/tezreklam.com.tr\/wp-content\/uploads\/2023\/12\/parasutcu-brovesi-scaled-1-150x150.jpg 150w, https:\/\/tezreklam.com.tr\/wp-content\/uploads\/2023\/12\/parasutcu-brovesi-scaled-1-768x768.jpg 768w, https:\/\/tezreklam.com.tr\/wp-content\/uploads\/2023\/12\/parasutcu-brovesi-scaled-1-1536x1536.jpg 1536w, https:\/\/tezreklam.com.tr\/wp-content\/uploads\/2023\/12\/parasutcu-brovesi-scaled-1-2048x2048.jpg 2048w, https:\/\/tezreklam.com.tr\/wp-content\/uploads\/2023\/12\/parasutcu-brovesi-scaled-1-1140x1140.jpg 1140w, https:\/\/tezreklam.com.tr\/wp-content\/uploads\/2023\/12\/parasutcu-brovesi-scaled-1-600x600.jpg 600w, https:\/\/tezreklam.com.tr\/wp-content\/uploads\/2023\/12\/parasutcu-brovesi-scaled-1-100x100.jpg 100w\" sizes=\"(max-width: 2560px) 100vw, 2560px\" \/><\/figure>\n\n\n\n<figure class=\"wp-block-image size-full\"><img loading=\"lazy\" decoding=\"async\" width=\"2560\" height=\"2560\" src=\"https:\/\/tezreklam.com.tr\/wp-content\/uploads\/2023\/12\/jandarma-komando-ihtisas-brovesi-scaled-1.jpg\" alt=\"\" class=\"wp-image-273\" srcset=\"https:\/\/tezreklam.com.tr\/wp-content\/uploads\/2023\/12\/jandarma-komando-ihtisas-brovesi-scaled-1.jpg 2560w, https:\/\/tezreklam.com.tr\/wp-content\/uploads\/2023\/12\/jandarma-komando-ihtisas-brovesi-scaled-1-300x300.jpg 300w, https:\/\/tezreklam.com.tr\/wp-content\/uploads\/2023\/12\/jandarma-komando-ihtisas-brovesi-scaled-1-1024x1024.jpg 1024w, https:\/\/tezreklam.com.tr\/wp-content\/uploads\/2023\/12\/jandarma-komando-ihtisas-brovesi-scaled-1-150x150.jpg 150w, https:\/\/tezreklam.com.tr\/wp-content\/uploads\/2023\/12\/jandarma-komando-ihtisas-brovesi-scaled-1-768x768.jpg 768w, https:\/\/tezreklam.com.tr\/wp-content\/uploads\/2023\/12\/jandarma-komando-ihtisas-brovesi-scaled-1-1536x1536.jpg 1536w, https:\/\/tezreklam.com.tr\/wp-content\/uploads\/2023\/12\/jandarma-komando-ihtisas-brovesi-scaled-1-2048x2048.jpg 2048w, https:\/\/tezreklam.com.tr\/wp-content\/uploads\/2023\/12\/jandarma-komando-ihtisas-brovesi-scaled-1-1140x1140.jpg 1140w, https:\/\/tezreklam.com.tr\/wp-content\/uploads\/2023\/12\/jandarma-komando-ihtisas-brovesi-scaled-1-600x600.jpg 600w, https:\/\/tezreklam.com.tr\/wp-content\/uploads\/2023\/12\/jandarma-komando-ihtisas-brovesi-scaled-1-100x100.jpg 100w\" sizes=\"(max-width: 2560px) 100vw, 2560px\" \/><\/figure>\n\n\n\n<figure class=\"wp-block-image size-full\"><img loading=\"lazy\" decoding=\"async\" width=\"2560\" height=\"2560\" src=\"https:\/\/tezreklam.com.tr\/wp-content\/uploads\/2023\/12\/jandarma-komando-ihtisas-brovesi-scaled-1.jpg\" alt=\"\" class=\"wp-image-273\" srcset=\"https:\/\/tezreklam.com.tr\/wp-content\/uploads\/2023\/12\/jandarma-komando-ihtisas-brovesi-scaled-1.jpg 2560w, https:\/\/tezreklam.com.tr\/wp-content\/uploads\/2023\/12\/jandarma-komando-ihtisas-brovesi-scaled-1-300x300.jpg 300w, https:\/\/tezreklam.com.tr\/wp-content\/uploads\/2023\/12\/jandarma-komando-ihtisas-brovesi-scaled-1-1024x1024.jpg 1024w, https:\/\/tezreklam.com.tr\/wp-content\/uploads\/2023\/12\/jandarma-komando-ihtisas-brovesi-scaled-1-150x150.jpg 150w, https:\/\/tezreklam.com.tr\/wp-content\/uploads\/2023\/12\/jandarma-komando-ihtisas-brovesi-scaled-1-768x768.jpg 768w, https:\/\/tezreklam.com.tr\/wp-content\/uploads\/2023\/12\/jandarma-komando-ihtisas-brovesi-scaled-1-1536x1536.jpg 1536w, https:\/\/tezreklam.com.tr\/wp-content\/uploads\/2023\/12\/jandarma-komando-ihtisas-brovesi-scaled-1-2048x2048.jpg 2048w, https:\/\/tezreklam.com.tr\/wp-content\/uploads\/2023\/12\/jandarma-komando-ihtisas-brovesi-scaled-1-1140x1140.jpg 1140w, https:\/\/tezreklam.com.tr\/wp-content\/uploads\/2023\/12\/jandarma-komando-ihtisas-brovesi-scaled-1-600x600.jpg 600w, https:\/\/tezreklam.com.tr\/wp-content\/uploads\/2023\/12\/jandarma-komando-ihtisas-brovesi-scaled-1-100x100.jpg 100w\" sizes=\"(max-width: 2560px) 100vw, 2560px\" \/><\/figure>\n\n\n\n<figure class=\"wp-block-image size-full\"><img loading=\"lazy\" decoding=\"async\" width=\"2560\" height=\"2560\" src=\"https:\/\/tezreklam.com.tr\/wp-content\/uploads\/2023\/12\/jandarma-komando-ihtisas-brovesi-scaled-1.jpg\" alt=\"\" class=\"wp-image-273\" srcset=\"https:\/\/tezreklam.com.tr\/wp-content\/uploads\/2023\/12\/jandarma-komando-ihtisas-brovesi-scaled-1.jpg 2560w, https:\/\/tezreklam.com.tr\/wp-content\/uploads\/2023\/12\/jandarma-komando-ihtisas-brovesi-scaled-1-300x300.jpg 300w, https:\/\/tezreklam.com.tr\/wp-content\/uploads\/2023\/12\/jandarma-komando-ihtisas-brovesi-scaled-1-1024x1024.jpg 1024w, https:\/\/tezreklam.com.tr\/wp-content\/uploads\/2023\/12\/jandarma-komando-ihtisas-brovesi-scaled-1-150x150.jpg 150w, https:\/\/tezreklam.com.tr\/wp-content\/uploads\/2023\/12\/jandarma-komando-ihtisas-brovesi-scaled-1-768x768.jpg 768w, https:\/\/tezreklam.com.tr\/wp-content\/uploads\/2023\/12\/jandarma-komando-ihtisas-brovesi-scaled-1-1536x1536.jpg 1536w, https:\/\/tezreklam.com.tr\/wp-content\/uploads\/2023\/12\/jandarma-komando-ihtisas-brovesi-scaled-1-2048x2048.jpg 2048w, https:\/\/tezreklam.com.tr\/wp-content\/uploads\/2023\/12\/jandarma-komando-ihtisas-brovesi-scaled-1-1140x1140.jpg 1140w, https:\/\/tezreklam.com.tr\/wp-content\/uploads\/2023\/12\/jandarma-komando-ihtisas-brovesi-scaled-1-600x600.jpg 600w, https:\/\/tezreklam.com.tr\/wp-content\/uploads\/2023\/12\/jandarma-komando-ihtisas-brovesi-scaled-1-100x100.jpg 100w\" sizes=\"(max-width: 2560px) 100vw, 2560px\" \/><\/figure>\n<\/figure>\n<\/div>\n<\/div>\n\n\n\n<p><\/p>\n<\/div>\n<\/div><\/div>\n<\/div>\n<\/div>\n","protected":false},"excerpt":{"rendered":"<p class=\"post-excerpt\">G\u00dc\u00c7TAV TARAFINDAN \u0130MAL ED\u0130LMEKTED\u0130R. JANDARMA BR\u00d6VE Y\u00d6NERGES\u0130NE UYGUN \u00dcR\u00dcNLER\u0130M\u0130Z<\/p>\n","protected":false},"author":2,"featured_media":0,"parent":0,"menu_order":5,"comment_status":"closed","ping_status":"closed","template":"","meta":{"_monsterinsights_skip_tracking":false,"_monsterinsights_sitenote_active":false,"_monsterinsights_sitenote_note":"","_monsterinsights_sitenote_category":0,"footnotes":""},"aioseo_notices":[],"_links":{"self":[{"href":"https:\/\/tezreklam.com.tr\/index.php?rest_route=\/wp\/v2\/pages\/361"}],"collection":[{"href":"https:\/\/tezreklam.com.tr\/index.php?rest_route=\/wp\/v2\/pages"}],"about":[{"href":"https:\/\/tezreklam.com.tr\/index.php?rest_route=\/wp\/v2\/types\/page"}],"author":[{"embeddable":true,"href":"https:\/\/tezreklam.com.tr\/index.php?rest_route=\/wp\/v2\/users\/2"}],"replies":[{"embeddable":true,"href":"https:\/\/tezreklam.com.tr\/index.php?rest_route=%2Fwp%2Fv2%2Fcomments&post=361"}],"version-history":[{"count":3,"href":"https:\/\/tezreklam.com.tr\/index.php?rest_route=\/wp\/v2\/pages\/361\/revisions"}],"predecessor-version":[{"id":366,"href":"https:\/\/tezreklam.com.tr\/index.php?rest_route=\/wp\/v2\/pages\/361\/revisions\/366"}],"wp:attachment":[{"href":"https:\/\/tezreklam.com.tr\/index.php?rest_route=%2Fwp%2Fv2%2Fmedia&parent=361"}],"curies":[{"name":"wp","href":"https:\/\/api.w.org\/{rel}","templated":true}]}}