{"id":400,"date":"2024-01-11T23:00:07","date_gmt":"2024-01-11T20:00:07","guid":{"rendered":"https:\/\/tezreklam.com.tr\/?page_id=400"},"modified":"2024-01-11T23:07:14","modified_gmt":"2024-01-11T20:07:14","slug":"cengiz-pakel-jandarma-urunleri","status":"publish","type":"page","link":"https:\/\/tezreklam.com.tr\/?page_id=400","title":{"rendered":"CENG\u0130Z PAKEL JANDARMA \u00dcR\u00dcNLER\u0130"},"content":{"rendered":"\n<figure class=\"wp-block-gallery has-nested-images columns-default is-cropped wp-block-gallery-1 is-layout-flex wp-block-gallery-is-layout-flex\">\n<figure class=\"wp-block-image size-large\"><img loading=\"lazy\" decoding=\"async\" width=\"682\" height=\"1024\" data-id=\"234\" src=\"https:\/\/tezreklam.com.tr\/wp-content\/uploads\/2023\/12\/WhatsApp-Image-2022-03-14-at-11.27.28-682x1024.jpeg\" alt=\"\" class=\"wp-image-234\" srcset=\"https:\/\/tezreklam.com.tr\/wp-content\/uploads\/2023\/12\/WhatsApp-Image-2022-03-14-at-11.27.28-682x1024.jpeg 682w, https:\/\/tezreklam.com.tr\/wp-content\/uploads\/2023\/12\/WhatsApp-Image-2022-03-14-at-11.27.28-200x300.jpeg 200w, https:\/\/tezreklam.com.tr\/wp-content\/uploads\/2023\/12\/WhatsApp-Image-2022-03-14-at-11.27.28-768x1153.jpeg 768w, https:\/\/tezreklam.com.tr\/wp-content\/uploads\/2023\/12\/WhatsApp-Image-2022-03-14-at-11.27.28-1023x1536.jpeg 1023w, https:\/\/tezreklam.com.tr\/wp-content\/uploads\/2023\/12\/WhatsApp-Image-2022-03-14-at-11.27.28-600x901.jpeg 600w, https:\/\/tezreklam.com.tr\/wp-content\/uploads\/2023\/12\/WhatsApp-Image-2022-03-14-at-11.27.28.jpeg 1066w\" sizes=\"(max-width: 682px) 100vw, 682px\" \/><figcaption class=\"wp-element-caption\">DER\u0130 KALEML\u0130K NOTLUK<\/figcaption><\/figure>\n\n\n\n<figure class=\"wp-block-image size-large\"><img loading=\"lazy\" decoding=\"async\" width=\"682\" height=\"1024\" data-id=\"233\" src=\"https:\/\/tezreklam.com.tr\/wp-content\/uploads\/2023\/12\/WhatsApp-Image-2022-03-14-at-11.27.28-2-682x1024.jpeg\" alt=\"\" class=\"wp-image-233\" srcset=\"https:\/\/tezreklam.com.tr\/wp-content\/uploads\/2023\/12\/WhatsApp-Image-2022-03-14-at-11.27.28-2-682x1024.jpeg 682w, https:\/\/tezreklam.com.tr\/wp-content\/uploads\/2023\/12\/WhatsApp-Image-2022-03-14-at-11.27.28-2-200x300.jpeg 200w, https:\/\/tezreklam.com.tr\/wp-content\/uploads\/2023\/12\/WhatsApp-Image-2022-03-14-at-11.27.28-2-768x1153.jpeg 768w, https:\/\/tezreklam.com.tr\/wp-content\/uploads\/2023\/12\/WhatsApp-Image-2022-03-14-at-11.27.28-2-1023x1536.jpeg 1023w, https:\/\/tezreklam.com.tr\/wp-content\/uploads\/2023\/12\/WhatsApp-Image-2022-03-14-at-11.27.28-2-600x901.jpeg 600w, https:\/\/tezreklam.com.tr\/wp-content\/uploads\/2023\/12\/WhatsApp-Image-2022-03-14-at-11.27.28-2.jpeg 1066w\" sizes=\"(max-width: 682px) 100vw, 682px\" \/><figcaption class=\"wp-element-caption\">DER\u0130 KALEML\u0130K NOTLUK<\/figcaption><\/figure>\n\n\n\n<figure class=\"wp-block-image size-large\"><img loading=\"lazy\" decoding=\"async\" width=\"682\" height=\"1024\" data-id=\"232\" src=\"https:\/\/tezreklam.com.tr\/wp-content\/uploads\/2023\/12\/WhatsApp-Image-2022-03-14-at-11.27.28-1-682x1024.jpeg\" alt=\"\" class=\"wp-image-232\" srcset=\"https:\/\/tezreklam.com.tr\/wp-content\/uploads\/2023\/12\/WhatsApp-Image-2022-03-14-at-11.27.28-1-682x1024.jpeg 682w, https:\/\/tezreklam.com.tr\/wp-content\/uploads\/2023\/12\/WhatsApp-Image-2022-03-14-at-11.27.28-1-200x300.jpeg 200w, https:\/\/tezreklam.com.tr\/wp-content\/uploads\/2023\/12\/WhatsApp-Image-2022-03-14-at-11.27.28-1-768x1153.jpeg 768w, https:\/\/tezreklam.com.tr\/wp-content\/uploads\/2023\/12\/WhatsApp-Image-2022-03-14-at-11.27.28-1-1023x1536.jpeg 1023w, https:\/\/tezreklam.com.tr\/wp-content\/uploads\/2023\/12\/WhatsApp-Image-2022-03-14-at-11.27.28-1-600x901.jpeg 600w, https:\/\/tezreklam.com.tr\/wp-content\/uploads\/2023\/12\/WhatsApp-Image-2022-03-14-at-11.27.28-1.jpeg 1066w\" sizes=\"(max-width: 682px) 100vw, 682px\" \/><figcaption class=\"wp-element-caption\">DER\u0130 KALEML\u0130K NOTLUK<\/figcaption><\/figure>\n\n\n\n<figure class=\"wp-block-image size-large\"><img loading=\"lazy\" decoding=\"async\" width=\"682\" height=\"1024\" data-id=\"230\" src=\"https:\/\/tezreklam.com.tr\/wp-content\/uploads\/2023\/12\/WhatsApp-Image-2022-03-14-at-11.27.27-2-682x1024.jpeg\" alt=\"\" class=\"wp-image-230\" srcset=\"https:\/\/tezreklam.com.tr\/wp-content\/uploads\/2023\/12\/WhatsApp-Image-2022-03-14-at-11.27.27-2-682x1024.jpeg 682w, https:\/\/tezreklam.com.tr\/wp-content\/uploads\/2023\/12\/WhatsApp-Image-2022-03-14-at-11.27.27-2-200x300.jpeg 200w, https:\/\/tezreklam.com.tr\/wp-content\/uploads\/2023\/12\/WhatsApp-Image-2022-03-14-at-11.27.27-2-768x1153.jpeg 768w, https:\/\/tezreklam.com.tr\/wp-content\/uploads\/2023\/12\/WhatsApp-Image-2022-03-14-at-11.27.27-2-1023x1536.jpeg 1023w, https:\/\/tezreklam.com.tr\/wp-content\/uploads\/2023\/12\/WhatsApp-Image-2022-03-14-at-11.27.27-2-600x901.jpeg 600w, https:\/\/tezreklam.com.tr\/wp-content\/uploads\/2023\/12\/WhatsApp-Image-2022-03-14-at-11.27.27-2.jpeg 1066w\" sizes=\"(max-width: 682px) 100vw, 682px\" \/><figcaption class=\"wp-element-caption\">JANDARMA DER\u0130 KALEML\u0130K<\/figcaption><\/figure>\n\n\n\n<figure class=\"wp-block-image size-large\"><img loading=\"lazy\" decoding=\"async\" width=\"682\" height=\"1024\" data-id=\"231\" src=\"https:\/\/tezreklam.com.tr\/wp-content\/uploads\/2023\/12\/WhatsApp-Image-2022-03-14-at-11.27.27-682x1024.jpeg\" alt=\"\" class=\"wp-image-231\" srcset=\"https:\/\/tezreklam.com.tr\/wp-content\/uploads\/2023\/12\/WhatsApp-Image-2022-03-14-at-11.27.27-682x1024.jpeg 682w, https:\/\/tezreklam.com.tr\/wp-content\/uploads\/2023\/12\/WhatsApp-Image-2022-03-14-at-11.27.27-200x300.jpeg 200w, https:\/\/tezreklam.com.tr\/wp-content\/uploads\/2023\/12\/WhatsApp-Image-2022-03-14-at-11.27.27-768x1153.jpeg 768w, https:\/\/tezreklam.com.tr\/wp-content\/uploads\/2023\/12\/WhatsApp-Image-2022-03-14-at-11.27.27-1023x1536.jpeg 1023w, https:\/\/tezreklam.com.tr\/wp-content\/uploads\/2023\/12\/WhatsApp-Image-2022-03-14-at-11.27.27-600x901.jpeg 600w, https:\/\/tezreklam.com.tr\/wp-content\/uploads\/2023\/12\/WhatsApp-Image-2022-03-14-at-11.27.27.jpeg 1066w\" sizes=\"(max-width: 682px) 100vw, 682px\" \/><figcaption class=\"wp-element-caption\">JANDARMA K\u0130ML\u0130K C\u00dcZDAN<\/figcaption><\/figure>\n\n\n\n<figure class=\"wp-block-image size-large\"><img loading=\"lazy\" decoding=\"async\" width=\"682\" height=\"1024\" data-id=\"229\" src=\"https:\/\/tezreklam.com.tr\/wp-content\/uploads\/2023\/12\/WhatsApp-Image-2022-03-14-at-11.27.27-1-682x1024.jpeg\" alt=\"\" class=\"wp-image-229\" srcset=\"https:\/\/tezreklam.com.tr\/wp-content\/uploads\/2023\/12\/WhatsApp-Image-2022-03-14-at-11.27.27-1-682x1024.jpeg 682w, https:\/\/tezreklam.com.tr\/wp-content\/uploads\/2023\/12\/WhatsApp-Image-2022-03-14-at-11.27.27-1-200x300.jpeg 200w, https:\/\/tezreklam.com.tr\/wp-content\/uploads\/2023\/12\/WhatsApp-Image-2022-03-14-at-11.27.27-1-768x1153.jpeg 768w, https:\/\/tezreklam.com.tr\/wp-content\/uploads\/2023\/12\/WhatsApp-Image-2022-03-14-at-11.27.27-1-1023x1536.jpeg 1023w, https:\/\/tezreklam.com.tr\/wp-content\/uploads\/2023\/12\/WhatsApp-Image-2022-03-14-at-11.27.27-1-600x901.jpeg 600w, https:\/\/tezreklam.com.tr\/wp-content\/uploads\/2023\/12\/WhatsApp-Image-2022-03-14-at-11.27.27-1.jpeg 1066w\" sizes=\"(max-width: 682px) 100vw, 682px\" \/><figcaption class=\"wp-element-caption\">JANDARMA K\u0130ML\u0130K C\u00dcZDAN<\/figcaption><\/figure>\n\n\n\n<figure class=\"wp-block-image size-large\"><img loading=\"lazy\" decoding=\"async\" width=\"682\" height=\"1024\" data-id=\"228\" src=\"https:\/\/tezreklam.com.tr\/wp-content\/uploads\/2023\/12\/WhatsApp-Image-2022-03-14-at-11.27.26-682x1024.jpeg\" alt=\"\" class=\"wp-image-228\" srcset=\"https:\/\/tezreklam.com.tr\/wp-content\/uploads\/2023\/12\/WhatsApp-Image-2022-03-14-at-11.27.26-682x1024.jpeg 682w, https:\/\/tezreklam.com.tr\/wp-content\/uploads\/2023\/12\/WhatsApp-Image-2022-03-14-at-11.27.26-200x300.jpeg 200w, https:\/\/tezreklam.com.tr\/wp-content\/uploads\/2023\/12\/WhatsApp-Image-2022-03-14-at-11.27.26-768x1153.jpeg 768w, https:\/\/tezreklam.com.tr\/wp-content\/uploads\/2023\/12\/WhatsApp-Image-2022-03-14-at-11.27.26-1023x1536.jpeg 1023w, https:\/\/tezreklam.com.tr\/wp-content\/uploads\/2023\/12\/WhatsApp-Image-2022-03-14-at-11.27.26-600x901.jpeg 600w, https:\/\/tezreklam.com.tr\/wp-content\/uploads\/2023\/12\/WhatsApp-Image-2022-03-14-at-11.27.26.jpeg 1066w\" sizes=\"(max-width: 682px) 100vw, 682px\" \/><figcaption class=\"wp-element-caption\"> JANDARMA K\u0130ML\u0130K C\u00dcZDAN<\/figcaption><\/figure>\n\n\n\n<figure class=\"wp-block-image size-large\"><img loading=\"lazy\" decoding=\"async\" width=\"682\" height=\"1024\" data-id=\"227\" src=\"https:\/\/tezreklam.com.tr\/wp-content\/uploads\/2023\/12\/WhatsApp-Image-2022-03-14-at-11.27.26-1-682x1024.jpeg\" alt=\"\" class=\"wp-image-227\" srcset=\"https:\/\/tezreklam.com.tr\/wp-content\/uploads\/2023\/12\/WhatsApp-Image-2022-03-14-at-11.27.26-1-682x1024.jpeg 682w, https:\/\/tezreklam.com.tr\/wp-content\/uploads\/2023\/12\/WhatsApp-Image-2022-03-14-at-11.27.26-1-200x300.jpeg 200w, https:\/\/tezreklam.com.tr\/wp-content\/uploads\/2023\/12\/WhatsApp-Image-2022-03-14-at-11.27.26-1-768x1153.jpeg 768w, https:\/\/tezreklam.com.tr\/wp-content\/uploads\/2023\/12\/WhatsApp-Image-2022-03-14-at-11.27.26-1-1023x1536.jpeg 1023w, https:\/\/tezreklam.com.tr\/wp-content\/uploads\/2023\/12\/WhatsApp-Image-2022-03-14-at-11.27.26-1-600x901.jpeg 600w, https:\/\/tezreklam.com.tr\/wp-content\/uploads\/2023\/12\/WhatsApp-Image-2022-03-14-at-11.27.26-1.jpeg 1066w\" sizes=\"(max-width: 682px) 100vw, 682px\" \/><figcaption class=\"wp-element-caption\">JANDARMA K\u0130ML\u0130K C\u00dcZDAN<\/figcaption><\/figure>\n\n\n\n<figure class=\"wp-block-image size-large\"><img loading=\"lazy\" decoding=\"async\" width=\"682\" height=\"1024\" data-id=\"226\" src=\"https:\/\/tezreklam.com.tr\/wp-content\/uploads\/2023\/12\/WhatsApp-Image-2022-03-14-at-11.27.25-682x1024.jpeg\" alt=\"\" class=\"wp-image-226\" srcset=\"https:\/\/tezreklam.com.tr\/wp-content\/uploads\/2023\/12\/WhatsApp-Image-2022-03-14-at-11.27.25-682x1024.jpeg 682w, https:\/\/tezreklam.com.tr\/wp-content\/uploads\/2023\/12\/WhatsApp-Image-2022-03-14-at-11.27.25-200x300.jpeg 200w, https:\/\/tezreklam.com.tr\/wp-content\/uploads\/2023\/12\/WhatsApp-Image-2022-03-14-at-11.27.25-768x1153.jpeg 768w, https:\/\/tezreklam.com.tr\/wp-content\/uploads\/2023\/12\/WhatsApp-Image-2022-03-14-at-11.27.25-1023x1536.jpeg 1023w, https:\/\/tezreklam.com.tr\/wp-content\/uploads\/2023\/12\/WhatsApp-Image-2022-03-14-at-11.27.25-600x901.jpeg 600w, https:\/\/tezreklam.com.tr\/wp-content\/uploads\/2023\/12\/WhatsApp-Image-2022-03-14-at-11.27.25.jpeg 1066w\" sizes=\"(max-width: 682px) 100vw, 682px\" \/><figcaption class=\"wp-element-caption\">JANDARMA K\u0130ML\u0130K C\u00dcZDAN<\/figcaption><\/figure>\n\n\n\n<figure class=\"wp-block-image size-full\"><img loading=\"lazy\" decoding=\"async\" width=\"493\" height=\"717\" data-id=\"407\" src=\"https:\/\/tezreklam.com.tr\/wp-content\/uploads\/2024\/01\/CEP-TELEFONLUK-LACIVERT-3.jpg\" alt=\"\" class=\"wp-image-407\" srcset=\"https:\/\/tezreklam.com.tr\/wp-content\/uploads\/2024\/01\/CEP-TELEFONLUK-LACIVERT-3.jpg 493w, https:\/\/tezreklam.com.tr\/wp-content\/uploads\/2024\/01\/CEP-TELEFONLUK-LACIVERT-3-206x300.jpg 206w\" sizes=\"(max-width: 493px) 100vw, 493px\" \/><figcaption class=\"wp-element-caption\">JANDARMA CEP TELEFONLUK NOTLUK KALEML\u0130K<\/figcaption><\/figure>\n\n\n\n<figure class=\"wp-block-image size-full is-style-default\"><img loading=\"lazy\" decoding=\"async\" width=\"492\" height=\"718\" data-id=\"406\" src=\"https:\/\/tezreklam.com.tr\/wp-content\/uploads\/2024\/01\/CEP-TELEFONLUK-2.jpg\" alt=\"\" class=\"wp-image-406\" srcset=\"https:\/\/tezreklam.com.tr\/wp-content\/uploads\/2024\/01\/CEP-TELEFONLUK-2.jpg 492w, https:\/\/tezreklam.com.tr\/wp-content\/uploads\/2024\/01\/CEP-TELEFONLUK-2-206x300.jpg 206w\" sizes=\"(max-width: 492px) 100vw, 492px\" \/><figcaption class=\"wp-element-caption\">JANDARMA CEP TELEFONLUK NOTLUK KALEML\u0130K<\/figcaption><\/figure>\n\n\n\n<figure class=\"wp-block-image size-full\"><img loading=\"lazy\" decoding=\"async\" width=\"399\" height=\"581\" data-id=\"408\" src=\"http:\/\/tezreklam.com.tr\/wp-content\/uploads\/2024\/01\/KIMLIKLIK.jpg\" alt=\"\" class=\"wp-image-408\" srcset=\"https:\/\/tezreklam.com.tr\/wp-content\/uploads\/2024\/01\/KIMLIKLIK.jpg 399w, https:\/\/tezreklam.com.tr\/wp-content\/uploads\/2024\/01\/KIMLIKLIK-206x300.jpg 206w\" sizes=\"(max-width: 399px) 100vw, 399px\" \/><figcaption class=\"wp-element-caption\">JANDARMA K\u0130ML\u0130K C\u00dcZDAN<\/figcaption><\/figure>\n<\/figure>\n\n\n\n<p><\/p>\n","protected":false},"excerpt":{"rendered":"","protected":false},"author":2,"featured_media":0,"parent":0,"menu_order":4,"comment_status":"closed","ping_status":"closed","template":"","meta":{"_monsterinsights_skip_tracking":false,"_monsterinsights_sitenote_active":false,"_monsterinsights_sitenote_note":"","_monsterinsights_sitenote_category":0,"footnotes":""},"aioseo_notices":[],"_links":{"self":[{"href":"https:\/\/tezreklam.com.tr\/index.php?rest_route=\/wp\/v2\/pages\/400"}],"collection":[{"href":"https:\/\/tezreklam.com.tr\/index.php?rest_route=\/wp\/v2\/pages"}],"about":[{"href":"https:\/\/tezreklam.com.tr\/index.php?rest_route=\/wp\/v2\/types\/page"}],"author":[{"embeddable":true,"href":"https:\/\/tezreklam.com.tr\/index.php?rest_route=\/wp\/v2\/users\/2"}],"replies":[{"embeddable":true,"href":"https:\/\/tezreklam.com.tr\/index.php?rest_route=%2Fwp%2Fv2%2Fcomments&post=400"}],"version-history":[{"count":1,"href":"https:\/\/tezreklam.com.tr\/index.php?rest_route=\/wp\/v2\/pages\/400\/revisions"}],"predecessor-version":[{"id":409,"href":"https:\/\/tezreklam.com.tr\/index.php?rest_route=\/wp\/v2\/pages\/400\/revisions\/409"}],"wp:attachment":[{"href":"https:\/\/tezreklam.com.tr\/index.php?rest_route=%2Fwp%2Fv2%2Fmedia&parent=400"}],"curies":[{"name":"wp","href":"https:\/\/api.w.org\/{rel}","templated":true}]}}