{"id":5,"date":"2023-11-21T14:29:56","date_gmt":"2023-11-21T11:29:56","guid":{"rendered":"http:\/\/tezreklam.com.tr\/?page_id=5"},"modified":"2023-12-27T17:31:46","modified_gmt":"2023-12-27T14:31:46","slug":"urunler","status":"publish","type":"page","link":"https:\/\/tezreklam.com.tr\/?page_id=5","title":{"rendered":"BAY\u0130L\u0130KLER\u0130M\u0130Z      &#8211;     \u00dcR\u00dcNLER\u0130M\u0130Z"},"content":{"rendered":"<div class=\"wp-block-image\">\n<figure class=\"aligncenter size-full\"><a href=\"https:\/\/www.ydsshop.com\/\" target=\"_blank\" rel=\"noreferrer noopener\"><img loading=\"lazy\" decoding=\"async\" width=\"245\" height=\"125\" src=\"http:\/\/tezreklam.com.tr\/wp-content\/uploads\/2023\/12\/logo.png\" alt=\"\" class=\"wp-image-264\"\/><\/a><\/figure><\/div>\n\n<div class=\"wp-block-image\">\n<figure class=\"aligncenter size-full is-resized\"><a href=\"https:\/\/www.cengizpakel.com\/\" target=\"_blank\" rel=\"noreferrer noopener\"><img loading=\"lazy\" decoding=\"async\" width=\"133\" height=\"87\" src=\"http:\/\/tezreklam.com.tr\/wp-content\/uploads\/2023\/12\/logo-1.png\" alt=\"\" class=\"wp-image-265\" style=\"width:156px;height:auto\"\/><\/a><\/figure><\/div>\n\n<div class=\"wp-block-image\">\n<figure class=\"aligncenter size-large is-resized\"><a href=\"https:\/\/www.armatechs.com\/\" target=\"_blank\" rel=\"noreferrer noopener\"><img loading=\"lazy\" decoding=\"async\" width=\"1024\" height=\"492\" src=\"http:\/\/tezreklam.com.tr\/wp-content\/uploads\/2023\/12\/armatechs-logo-1024x492.jpg\" alt=\"\" class=\"wp-image-267\" style=\"width:248px;height:auto\" srcset=\"https:\/\/tezreklam.com.tr\/wp-content\/uploads\/2023\/12\/armatechs-logo-1024x492.jpg 1024w, https:\/\/tezreklam.com.tr\/wp-content\/uploads\/2023\/12\/armatechs-logo-300x144.jpg 300w, https:\/\/tezreklam.com.tr\/wp-content\/uploads\/2023\/12\/armatechs-logo-768x369.jpg 768w, https:\/\/tezreklam.com.tr\/wp-content\/uploads\/2023\/12\/armatechs-logo-600x288.jpg 600w, https:\/\/tezreklam.com.tr\/wp-content\/uploads\/2023\/12\/armatechs-logo.jpg 1112w\" sizes=\"(max-width: 1024px) 100vw, 1024px\" \/><\/a><\/figure><\/div>\n\n<div class=\"wp-block-image\">\n<figure class=\"aligncenter size-full\"><a href=\"https:\/\/ersav.com\/\" target=\"_blank\" rel=\"noreferrer noopener\"><img loading=\"lazy\" decoding=\"async\" width=\"257\" height=\"70\" src=\"http:\/\/tezreklam.com.tr\/wp-content\/uploads\/2023\/12\/ersavlogo.png\" alt=\"\" class=\"wp-image-266\"\/><\/a><\/figure><\/div>\n\n<div class=\"wp-block-image\">\n<figure class=\"aligncenter size-full is-resized\"><a href=\"https:\/\/www.armaret.com\/\" target=\"_blank\" rel=\"noreferrer noopener\"><img loading=\"lazy\" decoding=\"async\" width=\"1021\" height=\"422\" src=\"http:\/\/tezreklam.com.tr\/wp-content\/uploads\/2023\/12\/ARMARET-LOGO.jpg\" alt=\"\" class=\"wp-image-268\" style=\"width:250px;height:auto\" srcset=\"https:\/\/tezreklam.com.tr\/wp-content\/uploads\/2023\/12\/ARMARET-LOGO.jpg 1021w, https:\/\/tezreklam.com.tr\/wp-content\/uploads\/2023\/12\/ARMARET-LOGO-300x124.jpg 300w, https:\/\/tezreklam.com.tr\/wp-content\/uploads\/2023\/12\/ARMARET-LOGO-768x317.jpg 768w, https:\/\/tezreklam.com.tr\/wp-content\/uploads\/2023\/12\/ARMARET-LOGO-600x248.jpg 600w\" sizes=\"(max-width: 1021px) 100vw, 1021px\" \/><\/a><\/figure><\/div>\n\n<div class=\"wp-block-image\">\n<figure class=\"aligncenter size-full is-resized\"><a href=\"https:\/\/tezreklam.com.tr\/?page_id=361\"><img loading=\"lazy\" decoding=\"async\" width=\"1147\" height=\"1161\" src=\"http:\/\/tezreklam.com.tr\/wp-content\/uploads\/2023\/12\/GUCTAV.jpg\" alt=\"\" class=\"wp-image-286\" style=\"width:136px;height:auto\" srcset=\"https:\/\/tezreklam.com.tr\/wp-content\/uploads\/2023\/12\/GUCTAV.jpg 1147w, https:\/\/tezreklam.com.tr\/wp-content\/uploads\/2023\/12\/GUCTAV-296x300.jpg 296w, https:\/\/tezreklam.com.tr\/wp-content\/uploads\/2023\/12\/GUCTAV-1012x1024.jpg 1012w, https:\/\/tezreklam.com.tr\/wp-content\/uploads\/2023\/12\/GUCTAV-768x777.jpg 768w, https:\/\/tezreklam.com.tr\/wp-content\/uploads\/2023\/12\/GUCTAV-1140x1154.jpg 1140w, https:\/\/tezreklam.com.tr\/wp-content\/uploads\/2023\/12\/GUCTAV-600x607.jpg 600w, https:\/\/tezreklam.com.tr\/wp-content\/uploads\/2023\/12\/GUCTAV-100x100.jpg 100w\" sizes=\"(max-width: 1147px) 100vw, 1147px\" \/><\/a><\/figure><\/div>\n\n<div class=\"wp-block-image\">\n<figure class=\"aligncenter size-full is-resized\"><a href=\"https:\/\/www.halmak.com.tr\/\" target=\"_blank\" rel=\"noreferrer noopener\"><img loading=\"lazy\" decoding=\"async\" width=\"178\" height=\"168\" src=\"https:\/\/tezreklam.com.tr\/wp-content\/uploads\/2023\/12\/indir.jpeg\" alt=\"\" class=\"wp-image-295\" style=\"width:136px;height:auto\"\/><\/a><\/figure><\/div>","protected":false},"excerpt":{"rendered":"","protected":false},"author":1,"featured_media":0,"parent":0,"menu_order":1,"comment_status":"closed","ping_status":"closed","template":"","meta":{"_monsterinsights_skip_tracking":false,"_monsterinsights_sitenote_active":false,"_monsterinsights_sitenote_note":"","_monsterinsights_sitenote_category":0,"footnotes":""},"aioseo_notices":[],"_links":{"self":[{"href":"https:\/\/tezreklam.com.tr\/index.php?rest_route=\/wp\/v2\/pages\/5"}],"collection":[{"href":"https:\/\/tezreklam.com.tr\/index.php?rest_route=\/wp\/v2\/pages"}],"about":[{"href":"https:\/\/tezreklam.com.tr\/index.php?rest_route=\/wp\/v2\/types\/page"}],"author":[{"embeddable":true,"href":"https:\/\/tezreklam.com.tr\/index.php?rest_route=\/wp\/v2\/users\/1"}],"replies":[{"embeddable":true,"href":"https:\/\/tezreklam.com.tr\/index.php?rest_route=%2Fwp%2Fv2%2Fcomments&post=5"}],"version-history":[{"count":14,"href":"https:\/\/tezreklam.com.tr\/index.php?rest_route=\/wp\/v2\/pages\/5\/revisions"}],"predecessor-version":[{"id":367,"href":"https:\/\/tezreklam.com.tr\/index.php?rest_route=\/wp\/v2\/pages\/5\/revisions\/367"}],"wp:attachment":[{"href":"https:\/\/tezreklam.com.tr\/index.php?rest_route=%2Fwp%2Fv2%2Fmedia&parent=5"}],"curies":[{"name":"wp","href":"https:\/\/api.w.org\/{rel}","templated":true}]}}