{"id":8,"date":"2023-11-21T14:29:56","date_gmt":"2023-11-21T11:29:56","guid":{"rendered":"http:\/\/tezreklam.com.tr\/?page_id=8"},"modified":"2024-01-23T21:58:50","modified_gmt":"2024-01-23T18:58:50","slug":"hakkimizda","status":"publish","type":"page","link":"https:\/\/tezreklam.com.tr\/?page_id=8","title":{"rendered":"\u015e\u0130RKET B\u0130LG\u0130S\u0130"},"content":{"rendered":"<div class=\"wp-block-image\">\n<figure class=\"alignleft size-medium\"><a href=\"https:\/\/askidabisiklet.com\/\" target=\"_blank\" rel=\"noreferrer noopener\"><img loading=\"lazy\" decoding=\"async\" width=\"300\" height=\"300\" src=\"https:\/\/tezreklam.com.tr\/wp-content\/uploads\/2024\/01\/tez-bisiklet-1-300x300.jpg\" alt=\"\" class=\"wp-image-381\" srcset=\"https:\/\/tezreklam.com.tr\/wp-content\/uploads\/2024\/01\/tez-bisiklet-1-300x300.jpg 300w, https:\/\/tezreklam.com.tr\/wp-content\/uploads\/2024\/01\/tez-bisiklet-1-150x150.jpg 150w, https:\/\/tezreklam.com.tr\/wp-content\/uploads\/2024\/01\/tez-bisiklet-1-768x768.jpg 768w, https:\/\/tezreklam.com.tr\/wp-content\/uploads\/2024\/01\/tez-bisiklet-1-600x600.jpg 600w, https:\/\/tezreklam.com.tr\/wp-content\/uploads\/2024\/01\/tez-bisiklet-1-100x100.jpg 100w, https:\/\/tezreklam.com.tr\/wp-content\/uploads\/2024\/01\/tez-bisiklet-1.jpg 828w\" sizes=\"(max-width: 300px) 100vw, 300px\" \/><\/a><\/figure><\/div>\n\n\n<p>Tez Ltd.\u015eti.  Jandarma Genel Komutanl\u0131\u011f\u0131 K\u0131yafet Y\u00f6netmeli\u011fine uygun k\u0131yafet ve teferruat\u0131 ile Br\u00f6ve Y\u00f6nergesi, \u015eerit Rozet Y\u00f6nergesi, T\u00f6ren Y\u00f6nergesi, Ziyaret Esaslar\u0131 Y\u00f6nergesine uygun \u00fcr\u00fcnlerin imalat\u0131 ve sat\u0131\u015f\u0131n\u0131 2002 y\u0131l\u0131ndan beri yapan tecr\u00fcbeli bir firmad\u0131r. <\/p>\n\n\n\n<p>         Uzun y\u0131llard\u0131r T\u00fcrkiye ve Yurtd\u0131\u015f\u0131nda b\u00fcy\u00fck bir ba\u015far\u0131 sahibi Yakupo\u011flu Tekstil ve Deri \u00dcr\u00fcnleri (YDS) nin \u00fcretimini yapt\u0131\u011f\u0131 askeri bot ve taktik \u00fcr\u00fcnlerinin T\u00fcrkiye Ana Bayisi olarak gururla hizmet vermektedir.<\/p>\n\n\n\n<p>          Ayr\u0131ca yine uzun y\u0131llard\u0131r Jandarma Personelimizin  kulland\u0131\u011f\u0131 \u00fcr\u00fcnleri \u00fcreten Cengiz Pakel Deri \u00dcr\u00fcnleri , Armatechs TPU \u00fcr\u00fcnleri, Armaret metal \u00dcr\u00fcnleri, Ersav taktik \u00fcr\u00fcnleri, G\u00fc\u00e7tav metal \u00fcr\u00fcnleri ve Halmak komando b\u0131\u00e7aklar\u0131 \u00fcr\u00fcnlerinin  bayili\u011fini yapmaktad\u0131r. <\/p>\n\n\n\n<p>         Bunun yan\u0131 s\u0131ra Jandarma te\u015fkilat\u0131m\u0131za an\u0131 \u00fcr\u00fcnleri de \u00fcretilmekte olup en kaliteli \u00fcr\u00fcnleri en uygun fiyata sat\u0131\u015f\u0131 konusunda \u00e7al\u0131\u015fmalar\u0131na aksatmadan devam etmektedir. <\/p>\n","protected":false},"excerpt":{"rendered":"<p class=\"post-excerpt\">Tez Ltd.\u015eti. Jandarma Genel Komutanl\u0131\u011f\u0131 K\u0131yafet Y\u00f6netmeli\u011fine uygun k\u0131yafet ve teferruat\u0131 ile Br\u00f6ve Y\u00f6nergesi, \u015eerit Rozet Y\u00f6nergesi, T\u00f6ren Y\u00f6nergesi, Ziyaret&#8230;<\/p>\n","protected":false},"author":1,"featured_media":0,"parent":0,"menu_order":6,"comment_status":"closed","ping_status":"closed","template":"","meta":{"_monsterinsights_skip_tracking":false,"_monsterinsights_sitenote_active":false,"_monsterinsights_sitenote_note":"","_monsterinsights_sitenote_category":0,"footnotes":""},"aioseo_notices":[],"_links":{"self":[{"href":"https:\/\/tezreklam.com.tr\/index.php?rest_route=\/wp\/v2\/pages\/8"}],"collection":[{"href":"https:\/\/tezreklam.com.tr\/index.php?rest_route=\/wp\/v2\/pages"}],"about":[{"href":"https:\/\/tezreklam.com.tr\/index.php?rest_route=\/wp\/v2\/types\/page"}],"author":[{"embeddable":true,"href":"https:\/\/tezreklam.com.tr\/index.php?rest_route=\/wp\/v2\/users\/1"}],"replies":[{"embeddable":true,"href":"https:\/\/tezreklam.com.tr\/index.php?rest_route=%2Fwp%2Fv2%2Fcomments&post=8"}],"version-history":[{"count":8,"href":"https:\/\/tezreklam.com.tr\/index.php?rest_route=\/wp\/v2\/pages\/8\/revisions"}],"predecessor-version":[{"id":440,"href":"https:\/\/tezreklam.com.tr\/index.php?rest_route=\/wp\/v2\/pages\/8\/revisions\/440"}],"wp:attachment":[{"href":"https:\/\/tezreklam.com.tr\/index.php?rest_route=%2Fwp%2Fv2%2Fmedia&parent=8"}],"curies":[{"name":"wp","href":"https:\/\/api.w.org\/{rel}","templated":true}]}}